{"id":11478,"date":"2022-12-15T14:04:16","date_gmt":"2022-12-15T13:04:16","guid":{"rendered":"http:\/\/homeinterijeri-hr.preview-domain.com\/maintenance-page\/"},"modified":"2022-12-15T14:33:16","modified_gmt":"2022-12-15T13:33:16","slug":"maintenance-page","status":"publish","type":"page","link":"https:\/\/homeinterijeri.hr\/de\/wartungsseite\/","title":{"rendered":"Wartungsseite"},"content":{"rendered":"<div id=\"wp-block-themeisle-blocks-advanced-columns-bf315cc5\" class=\"wp-block-themeisle-blocks-advanced-columns alignfull has-1-columns has-desktop-equal-layout has-tablet-equal-layout has-mobile-equal-layout has-vertical-center\"><div class=\"wp-block-themeisle-blocks-advanced-columns-overlay\"><\/div><div class=\"innerblocks-wrap\">\n<div id=\"wp-block-themeisle-blocks-advanced-column-7b61437b\" class=\"wp-block-themeisle-blocks-advanced-column\">\n<div class=\"inherit-container-width wp-block-group has-white-color has-text-color is-layout-constrained wp-block-group-is-layout-constrained\"><div class=\"wp-block-group__inner-container\">\n<h1 id=\"wp-block-themeisle-blocks-advanced-heading-81277ea5\" class=\"wp-block-themeisle-blocks-advanced-heading wp-block-themeisle-blocks-advanced-heading-81277ea5\">WIR WERDEN BALD ZUR\u00dcCK SEIN!<\/h1>\n\n\n\n<div style=\"height:40px\" aria-hidden=\"true\" class=\"wp-block-spacer\"><\/div>\n\n\n\n<p id=\"wp-block-themeisle-blocks-advanced-heading-a458b450\" class=\"wp-block-themeisle-blocks-advanced-heading wp-block-themeisle-blocks-advanced-heading-a458b450\">Wir f\u00fchren einige Aktualisierungen auf unserer Website durch und m\u00fcssen f\u00fcr eine Weile offline sein. Wir sind bald wieder f\u00fcr Sie da! Folgen Sie uns in der Zwischenzeit in den sozialen Medien.<\/p>\n\n\n\n<div style=\"height:40px\" aria-hidden=\"true\" class=\"wp-block-spacer\"><\/div>\n\n\n\n<ul class=\"wp-block-social-links has-large-icon-size has-icon-color is-style-logos-only animated bounce delay-1s is-content-justification-center is-layout-flex wp-container-core-social-links-is-layout-a89b3969 wp-block-social-links-is-layout-flex\"><li style=\"color:#ffffff;\" class=\"wp-social-link wp-social-link-facebook has-white-color wp-block-social-link\"><a rel=\"noopener nofollow\" target=\"_blank\" href=\"https:\/\/www.facebook.com\/homeinterijerisibenik\" class=\"wp-block-social-link-anchor\"><svg width=\"24\" height=\"24\" viewbox=\"0 0 24 24\" version=\"1.1\" xmlns=\"http:\/\/www.w3.org\/2000\/svg\" aria-hidden=\"true\" focusable=\"false\"><path d=\"M12 2C6.5 2 2 6.5 2 12c0 5 3.7 9.1 8.4 9.9v-7H7.9V12h2.5V9.8c0-2.5 1.5-3.9 3.8-3.9 1.1 0 2.2.2 2.2.2v2.5h-1.3c-1.2 0-1.6.8-1.6 1.6V12h2.8l-.4 2.9h-2.3v7C18.3 21.1 22 17 22 12c0-5.5-4.5-10-10-10z\"><\/path><\/svg><span class=\"wp-block-social-link-label screen-reader-text\">Facebook<\/span><\/a><\/li>\n\n<li style=\"color:#ffffff;\" class=\"wp-social-link wp-social-link-instagram has-white-color wp-block-social-link\"><a rel=\"noopener nofollow\" target=\"_blank\" href=\"https:\/\/www.instagram.com\/home_interijeri\/\" class=\"wp-block-social-link-anchor\"><svg width=\"24\" height=\"24\" viewbox=\"0 0 24 24\" version=\"1.1\" xmlns=\"http:\/\/www.w3.org\/2000\/svg\" aria-hidden=\"true\" focusable=\"false\"><path d=\"M12,4.622c2.403,0,2.688,0.009,3.637,0.052c0.877,0.04,1.354,0.187,1.671,0.31c0.42,0.163,0.72,0.358,1.035,0.673 c0.315,0.315,0.51,0.615,0.673,1.035c0.123,0.317,0.27,0.794,0.31,1.671c0.043,0.949,0.052,1.234,0.052,3.637 s-0.009,2.688-0.052,3.637c-0.04,0.877-0.187,1.354-0.31,1.671c-0.163,0.42-0.358,0.72-0.673,1.035 c-0.315,0.315-0.615,0.51-1.035,0.673c-0.317,0.123-0.794,0.27-1.671,0.31c-0.949,0.043-1.233,0.052-3.637,0.052 s-2.688-0.009-3.637-0.052c-0.877-0.04-1.354-0.187-1.671-0.31c-0.42-0.163-0.72-0.358-1.035-0.673 c-0.315-0.315-0.51-0.615-0.673-1.035c-0.123-0.317-0.27-0.794-0.31-1.671C4.631,14.688,4.622,14.403,4.622,12 s0.009-2.688,0.052-3.637c0.04-0.877,0.187-1.354,0.31-1.671c0.163-0.42,0.358-0.72,0.673-1.035 c0.315-0.315,0.615-0.51,1.035-0.673c0.317-0.123,0.794-0.27,1.671-0.31C9.312,4.631,9.597,4.622,12,4.622 M12,3 C9.556,3,9.249,3.01,8.289,3.054C7.331,3.098,6.677,3.25,6.105,3.472C5.513,3.702,5.011,4.01,4.511,4.511 c-0.5,0.5-0.808,1.002-1.038,1.594C3.25,6.677,3.098,7.331,3.054,8.289C3.01,9.249,3,9.556,3,12c0,2.444,0.01,2.751,0.054,3.711 c0.044,0.958,0.196,1.612,0.418,2.185c0.23,0.592,0.538,1.094,1.038,1.594c0.5,0.5,1.002,0.808,1.594,1.038 c0.572,0.222,1.227,0.375,2.185,0.418C9.249,20.99,9.556,21,12,21s2.751-0.01,3.711-0.054c0.958-0.044,1.612-0.196,2.185-0.418 c0.592-0.23,1.094-0.538,1.594-1.038c0.5-0.5,0.808-1.002,1.038-1.594c0.222-0.572,0.375-1.227,0.418-2.185 C20.99,14.751,21,14.444,21,12s-0.01-2.751-0.054-3.711c-0.044-0.958-0.196-1.612-0.418-2.185c-0.23-0.592-0.538-1.094-1.038-1.594 c-0.5-0.5-1.002-0.808-1.594-1.038c-0.572-0.222-1.227-0.375-2.185-0.418C14.751,3.01,14.444,3,12,3L12,3z M12,7.378 c-2.552,0-4.622,2.069-4.622,4.622S9.448,16.622,12,16.622s4.622-2.069,4.622-4.622S14.552,7.378,12,7.378z M12,15 c-1.657,0-3-1.343-3-3s1.343-3,3-3s3,1.343,3,3S13.657,15,12,15z M16.804,6.116c-0.596,0-1.08,0.484-1.08,1.08 s0.484,1.08,1.08,1.08c0.596,0,1.08-0.484,1.08-1.08S17.401,6.116,16.804,6.116z\"><\/path><\/svg><span class=\"wp-block-social-link-label screen-reader-text\">Instagram<\/span><\/a><\/li><\/ul>\n<\/div><\/div>\n<\/div>\n<\/div><\/div>","protected":false},"excerpt":{"rendered":"","protected":false},"author":2,"featured_media":0,"parent":0,"menu_order":0,"comment_status":"closed","ping_status":"closed","template":"templates\/wpmm-page-template.php","meta":{"site-sidebar-layout":"default","site-content-layout":"","ast-site-content-layout":"","site-content-style":"default","site-sidebar-style":"default","ast-global-header-display":"","ast-banner-title-visibility":"","ast-main-header-display":"","ast-hfb-above-header-display":"","ast-hfb-below-header-display":"","ast-hfb-mobile-header-display":"","site-post-title":"","ast-breadcrumbs-content":"","ast-featured-img":"","footer-sml-layout":"","theme-transparent-header-meta":"","adv-header-id-meta":"","stick-header-meta":"","header-above-stick-meta":"","header-main-stick-meta":"","header-below-stick-meta":"","astra-migrate-meta-layouts":"default","ast-page-background-enabled":"default","ast-page-background-meta":{"desktop":{"background-color":"","background-image":"","background-repeat":"repeat","background-position":"center center","background-size":"auto","background-attachment":"scroll","background-type":"","background-media":"","overlay-type":"","overlay-color":"","overlay-opacity":"","overlay-gradient":""},"tablet":{"background-color":"","background-image":"","background-repeat":"repeat","background-position":"center center","background-size":"auto","background-attachment":"scroll","background-type":"","background-media":"","overlay-type":"","overlay-color":"","overlay-opacity":"","overlay-gradient":""},"mobile":{"background-color":"","background-image":"","background-repeat":"repeat","background-position":"center center","background-size":"auto","background-attachment":"scroll","background-type":"","background-media":"","overlay-type":"","overlay-color":"","overlay-opacity":"","overlay-gradient":""}},"ast-content-background-meta":{"desktop":{"background-color":"var(--ast-global-color-5)","background-image":"","background-repeat":"repeat","background-position":"center center","background-size":"auto","background-attachment":"scroll","background-type":"","background-media":"","overlay-type":"","overlay-color":"","overlay-opacity":"","overlay-gradient":""},"tablet":{"background-color":"var(--ast-global-color-5)","background-image":"","background-repeat":"repeat","background-position":"center center","background-size":"auto","background-attachment":"scroll","background-type":"","background-media":"","overlay-type":"","overlay-color":"","overlay-opacity":"","overlay-gradient":""},"mobile":{"background-color":"var(--ast-global-color-5)","background-image":"","background-repeat":"repeat","background-position":"center center","background-size":"auto","background-attachment":"scroll","background-type":"","background-media":"","overlay-type":"","overlay-color":"","overlay-opacity":"","overlay-gradient":""}},"footnotes":""},"class_list":["post-11478","page","type-page","status-publish","hentry"],"yoast_head":"<!-- This site is optimized with the Yoast SEO plugin v25.3 - https:\/\/yoast.com\/wordpress\/plugins\/seo\/ -->\n<title>Maintenance Page | Home Interijeri<\/title>\n<meta name=\"robots\" content=\"index, follow, max-snippet:-1, max-image-preview:large, max-video-preview:-1\" \/>\n<link rel=\"canonical\" href=\"https:\/\/homeinterijeri.hr\/de\/wartungsseite\/\" \/>\n<meta property=\"og:locale\" content=\"de_DE\" \/>\n<meta property=\"og:type\" content=\"article\" \/>\n<meta property=\"og:title\" content=\"Maintenance Page | Home Interijeri\" \/>\n<meta property=\"og:url\" content=\"https:\/\/homeinterijeri.hr\/de\/wartungsseite\/\" \/>\n<meta property=\"og:site_name\" content=\"Home Interijeri\" \/>\n<meta property=\"article:publisher\" content=\"https:\/\/www.facebook.com\/homeinterijerisibenik\" \/>\n<meta property=\"article:modified_time\" content=\"2022-12-15T13:33:16+00:00\" \/>\n<meta property=\"og:image\" content=\"https:\/\/homeinterijeri.hr\/wp-content\/uploads\/2022\/12\/Crni-Logo-e1671113730332.png\" \/>\n\t<meta property=\"og:image:width\" content=\"975\" \/>\n\t<meta property=\"og:image:height\" content=\"365\" \/>\n\t<meta property=\"og:image:type\" content=\"image\/png\" \/>\n<meta name=\"twitter:card\" content=\"summary_large_image\" \/>\n<meta name=\"twitter:label1\" content=\"Gesch\u00e4tzte Lesezeit\" \/>\n\t<meta name=\"twitter:data1\" content=\"1\u00a0Minute\" \/>\n<script type=\"application\/ld+json\" class=\"yoast-schema-graph\">{\"@context\":\"https:\/\/schema.org\",\"@graph\":[{\"@type\":\"WebPage\",\"@id\":\"https:\/\/homeinterijeri.hr\/maintenance-page\/\",\"url\":\"https:\/\/homeinterijeri.hr\/maintenance-page\/\",\"name\":\"Maintenance Page | Home Interijeri\",\"isPartOf\":{\"@id\":\"https:\/\/homeinterijeri.hr\/#website\"},\"datePublished\":\"2022-12-15T13:04:16+00:00\",\"dateModified\":\"2022-12-15T13:33:16+00:00\",\"breadcrumb\":{\"@id\":\"https:\/\/homeinterijeri.hr\/maintenance-page\/#breadcrumb\"},\"inLanguage\":\"de\",\"potentialAction\":[{\"@type\":\"ReadAction\",\"target\":[\"https:\/\/homeinterijeri.hr\/maintenance-page\/\"]}]},{\"@type\":\"BreadcrumbList\",\"@id\":\"https:\/\/homeinterijeri.hr\/maintenance-page\/#breadcrumb\",\"itemListElement\":[{\"@type\":\"ListItem\",\"position\":1,\"name\":\"Po\u010detna stranica\",\"item\":\"https:\/\/homeinterijeri.hr\/\"},{\"@type\":\"ListItem\",\"position\":2,\"name\":\"Maintenance Page\"}]},{\"@type\":\"WebSite\",\"@id\":\"https:\/\/homeinterijeri.hr\/#website\",\"url\":\"https:\/\/homeinterijeri.hr\/\",\"name\":\"Home Interijeri\",\"description\":\"Izrada namje\u0161taja po mjeri\",\"publisher\":{\"@id\":\"https:\/\/homeinterijeri.hr\/#organization\"},\"alternateName\":\"Interijeri Home\",\"potentialAction\":[{\"@type\":\"SearchAction\",\"target\":{\"@type\":\"EntryPoint\",\"urlTemplate\":\"https:\/\/homeinterijeri.hr\/?s={search_term_string}\"},\"query-input\":{\"@type\":\"PropertyValueSpecification\",\"valueRequired\":true,\"valueName\":\"search_term_string\"}}],\"inLanguage\":\"de\"},{\"@type\":\"Organization\",\"@id\":\"https:\/\/homeinterijeri.hr\/#organization\",\"name\":\"Home Interijeri | Izrada Namje\u0161taja Po Mjeri\",\"alternateName\":\"Home Interijeri | Izrada Namje\u0161taja Po Mjeri\",\"url\":\"https:\/\/homeinterijeri.hr\/\",\"logo\":{\"@type\":\"ImageObject\",\"inLanguage\":\"de\",\"@id\":\"https:\/\/homeinterijeri.hr\/#\/schema\/logo\/image\/\",\"url\":\"https:\/\/homeinterijeri.hr\/wp-content\/uploads\/2022\/12\/Bijeli-Logo.png\",\"contentUrl\":\"https:\/\/homeinterijeri.hr\/wp-content\/uploads\/2022\/12\/Bijeli-Logo.png\",\"width\":1000,\"height\":1000,\"caption\":\"Home Interijeri | Izrada Namje\u0161taja Po Mjeri\"},\"image\":{\"@id\":\"https:\/\/homeinterijeri.hr\/#\/schema\/logo\/image\/\"},\"sameAs\":[\"https:\/\/www.facebook.com\/homeinterijerisibenik\",\"https:\/\/instagram.com\/home_interijeri\"]}]}<\/script>\n<!-- \/ Yoast SEO plugin. -->","yoast_head_json":{"title":"Maintenance Page | Home Interijeri","robots":{"index":"index","follow":"follow","max-snippet":"max-snippet:-1","max-image-preview":"max-image-preview:large","max-video-preview":"max-video-preview:-1"},"canonical":"https:\/\/homeinterijeri.hr\/de\/wartungsseite\/","og_locale":"de_DE","og_type":"article","og_title":"Maintenance Page | Home Interijeri","og_url":"https:\/\/homeinterijeri.hr\/de\/wartungsseite\/","og_site_name":"Home Interijeri","article_publisher":"https:\/\/www.facebook.com\/homeinterijerisibenik","article_modified_time":"2022-12-15T13:33:16+00:00","og_image":[{"width":975,"height":365,"url":"https:\/\/homeinterijeri.hr\/wp-content\/uploads\/2022\/12\/Crni-Logo-e1671113730332.png","type":"image\/png"}],"twitter_card":"summary_large_image","twitter_misc":{"Gesch\u00e4tzte Lesezeit":"1\u00a0Minute"},"schema":{"@context":"https:\/\/schema.org","@graph":[{"@type":"WebPage","@id":"https:\/\/homeinterijeri.hr\/maintenance-page\/","url":"https:\/\/homeinterijeri.hr\/maintenance-page\/","name":"Maintenance Page | Home Interijeri","isPartOf":{"@id":"https:\/\/homeinterijeri.hr\/#website"},"datePublished":"2022-12-15T13:04:16+00:00","dateModified":"2022-12-15T13:33:16+00:00","breadcrumb":{"@id":"https:\/\/homeinterijeri.hr\/maintenance-page\/#breadcrumb"},"inLanguage":"de","potentialAction":[{"@type":"ReadAction","target":["https:\/\/homeinterijeri.hr\/maintenance-page\/"]}]},{"@type":"BreadcrumbList","@id":"https:\/\/homeinterijeri.hr\/maintenance-page\/#breadcrumb","itemListElement":[{"@type":"ListItem","position":1,"name":"Po\u010detna stranica","item":"https:\/\/homeinterijeri.hr\/"},{"@type":"ListItem","position":2,"name":"Maintenance Page"}]},{"@type":"WebSite","@id":"https:\/\/homeinterijeri.hr\/#website","url":"https:\/\/homeinterijeri.hr\/","name":"Home Interijeri","description":"Izrada namje\u0161taja po mjeri","publisher":{"@id":"https:\/\/homeinterijeri.hr\/#organization"},"alternateName":"Interijeri Home","potentialAction":[{"@type":"SearchAction","target":{"@type":"EntryPoint","urlTemplate":"https:\/\/homeinterijeri.hr\/?s={search_term_string}"},"query-input":{"@type":"PropertyValueSpecification","valueRequired":true,"valueName":"search_term_string"}}],"inLanguage":"de"},{"@type":"Organization","@id":"https:\/\/homeinterijeri.hr\/#organization","name":"Home Interijeri | Izrada Namje\u0161taja Po Mjeri","alternateName":"Home Interijeri | Izrada Namje\u0161taja Po Mjeri","url":"https:\/\/homeinterijeri.hr\/","logo":{"@type":"ImageObject","inLanguage":"de","@id":"https:\/\/homeinterijeri.hr\/#\/schema\/logo\/image\/","url":"https:\/\/homeinterijeri.hr\/wp-content\/uploads\/2022\/12\/Bijeli-Logo.png","contentUrl":"https:\/\/homeinterijeri.hr\/wp-content\/uploads\/2022\/12\/Bijeli-Logo.png","width":1000,"height":1000,"caption":"Home Interijeri | Izrada Namje\u0161taja Po Mjeri"},"image":{"@id":"https:\/\/homeinterijeri.hr\/#\/schema\/logo\/image\/"},"sameAs":["https:\/\/www.facebook.com\/homeinterijerisibenik","https:\/\/instagram.com\/home_interijeri"]}]}},"_links":{"self":[{"href":"https:\/\/homeinterijeri.hr\/de\/wp-json\/wp\/v2\/pages\/11478","targetHints":{"allow":["GET"]}}],"collection":[{"href":"https:\/\/homeinterijeri.hr\/de\/wp-json\/wp\/v2\/pages"}],"about":[{"href":"https:\/\/homeinterijeri.hr\/de\/wp-json\/wp\/v2\/types\/page"}],"author":[{"embeddable":true,"href":"https:\/\/homeinterijeri.hr\/de\/wp-json\/wp\/v2\/users\/2"}],"replies":[{"embeddable":true,"href":"https:\/\/homeinterijeri.hr\/de\/wp-json\/wp\/v2\/comments?post=11478"}],"version-history":[{"count":0,"href":"https:\/\/homeinterijeri.hr\/de\/wp-json\/wp\/v2\/pages\/11478\/revisions"}],"wp:attachment":[{"href":"https:\/\/homeinterijeri.hr\/de\/wp-json\/wp\/v2\/media?parent=11478"}],"curies":[{"name":"wp","href":"https:\/\/api.w.org\/{rel}","templated":true}]}}